{"id":285,"date":"2026-02-25T16:20:16","date_gmt":"2026-02-25T16:20:16","guid":{"rendered":"https:\/\/concursocorredores.com.ar\/payway\/?page_id=285"},"modified":"2026-02-27T13:29:28","modified_gmt":"2026-02-27T13:29:28","slug":"bases-y-condiciones","status":"publish","type":"page","link":"https:\/\/concursocorredores.com.ar\/payway\/bases-y-condiciones\/","title":{"rendered":"Bases y condiciones"},"content":{"rendered":"[vc_row type=\u00bbin_container\u00bb full_screen_row_position=\u00bbmiddle\u00bb column_margin=\u00bbdefault\u00bb column_direction=\u00bbdefault\u00bb column_direction_tablet=\u00bbdefault\u00bb column_direction_phone=\u00bbdefault\u00bb scene_position=\u00bbcenter\u00bb top_padding=\u00bb4%\u00bb bottom_padding=\u00bb8%\u00bb text_color=\u00bbdark\u00bb text_align=\u00bbleft\u00bb row_border_radius=\u00bbnone\u00bb row_border_radius_applies=\u00bbbg\u00bb overflow=\u00bbvisible\u00bb overlay_strength=\u00bb0.3&#8243; gradient_direction=\u00bbleft_to_right\u00bb shape_divider_position=\u00bbbottom\u00bb bg_image_animation=\u00bbnone\u00bb gradient_type=\u00bbdefault\u00bb shape_type=\u00bb\u00bb][vc_column column_padding=\u00bbno-extra-padding\u00bb column_padding_tablet=\u00bbinherit\u00bb column_padding_phone=\u00bbinherit\u00bb column_padding_position=\u00bball\u00bb column_element_direction_desktop=\u00bbdefault\u00bb column_element_spacing=\u00bbdefault\u00bb desktop_text_alignment=\u00bbdefault\u00bb tablet_text_alignment=\u00bbdefault\u00bb phone_text_alignment=\u00bbdefault\u00bb background_color_opacity=\u00bb1&#8243; background_hover_color_opacity=\u00bb1&#8243; column_backdrop_filter=\u00bbnone\u00bb font_color=\u00bb#000000&#8243; column_shadow=\u00bbnone\u00bb column_border_radius=\u00bbnone\u00bb column_link_target=\u00bb_self\u00bb column_position=\u00bbdefault\u00bb gradient_direction=\u00bbleft_to_right\u00bb overlay_strength=\u00bb0.3&#8243; width=\u00bb1\/1&#8243; tablet_width_inherit=\u00bbdefault\u00bb animation_type=\u00bbdefault\u00bb bg_image_animation=\u00bbnone\u00bb border_type=\u00bbsimple\u00bb column_border_width=\u00bbnone\u00bb column_border_style=\u00bbsolid\u00bb column_padding_type=\u00bbdefault\u00bb gradient_type=\u00bbdefault\u00bb][vc_column_text css=\u00bb\u00bb text_direction=\u00bbdefault\u00bb]<b>BASES Y CONDICIONES DEL CONCURSO \u201cSALES RACE MASTERCARD-ARGENTINA &#8211; PAYWAY\u201d<\/b><\/p>\n<h3><\/h3>\n<p><b>1.- RAPP COLLINS WORLDWIDE S.A.<\/b><span style=\"font-weight: 400;\">, CUIT <\/span><span style=\"font-weight: 400;\">30-65124363-3<\/span><span style=\"font-weight: 400;\">, con domicilio legal en Mi\u00f1ones 1856, Ciudad Aut\u00f3noma de Buenos Aires, Rep\u00fablica Argentina (el \u201cOrganizador\u201d), organiza por cuenta y orden de Mastercard Cono Sur S.R.L. (\u201cMASTERCARD\u00ae\u201d) y Payway S.A.U. (\u201cPAYWAY\u00ae\u201d y en conjunto con MASTERCARD, los \u201cAuspiciantes\u201d), el concurso denominado \u201cSales Race Mastercard-Argentina &#8211; Payway\u201d (el \u201cConcurso\u201d), que estar\u00e1 vigente en la Rep\u00fablica Argentina con excepci\u00f3n de las provincias de Salta, R\u00edo Negro, Chubut, Neuqu\u00e9n, Jujuy y Tierra del Fuego (el \u201cTerritorio\u201d), desde las 00:00 hs del 23 de febrero de 2026 hasta las 23:59 hs del 23 de abril de 2026 (el \u201cPlazo de Vigencia\u201d) y que se regir\u00e1 por lo establecido en estas bases y condiciones (las \u201cBases\u201d).\u00a0<\/span><\/p>\n<p><b>2.-<\/b><span style=\"font-weight: 400;\"> Podr\u00e1n participar del Concurso los interesados que re\u00fanan las siguientes condiciones: <\/span><b>(i)<\/b><span style=\"font-weight: 400;\">\u00a0sean personas jur\u00eddicas o personas f\u00edsicas mayores de 18 a\u00f1os; <\/span><b>(ii)<\/b><span style=\"font-weight: 400;\"> sean titulares o encargados de comercios con habilitaci\u00f3n vigente otorgada por autoridad competente dentro del Territorio y que cuenten con una terminal de cobro de PAYWAY (el\/los \u201cComercio\/s); <\/span><b>(iii)<\/b><span style=\"font-weight: 400;\"> acepten y utilicen como medio de cobro de sus ventas cualquier tarjeta de d\u00e9bito o cr\u00e9dito MASTERCARD emitida en la Rep\u00fablica Argentina (la\/s \u201cTarjeta\/s\u201d) y participen de transacciones leg\u00edtimas, v\u00e1lidas y verificables con las Tarjetas, durante el Plazo de Vigencia, a trav\u00e9s de la terminal de cobro de PAYWAY (la\/s \u201cTransacci\u00f3n\/es\u201d); <\/span><b>(iv)<\/b><span style=\"font-weight: 400;\"> completen correctamente el formulario que estar\u00e1 disponible para inscribirse en el Concurso a partir de las 00:00 hs del 23 de febrero de 2026 y hasta la finalizaci\u00f3n del Plazo de Vigencia en la landing page <\/span><a href=\"http:\/\/www.concursocorredores.com.ar\/Payway\"><span style=\"font-weight: 400;\">www.concursocorredores.com.ar\/Payway<\/span><\/a><span style=\"font-weight: 400;\"> (el \u201cFormulario\u201d), indicando los siguiente datos del Comercio: <\/span><b>(a) <\/b><span style=\"font-weight: 400;\">n\u00famero de CUIT; <\/span><b>(b)<\/b><span style=\"font-weight: 400;\"> identificador \u00fanico asignado al Comercio (Merchant ID); <\/span><b>(c)<\/b><span style=\"font-weight: 400;\"> nombre de fantas\u00eda del Comercio; <\/span><b>(d)<\/b><span style=\"font-weight: 400;\"> domicilio, n\u00famero de tel\u00e9fono y direcci\u00f3n de correo electr\u00f3nica de contacto; y <\/span><b>(e)<\/b><span style=\"font-weight: 400;\"> car\u00e1cter bajo el cual se participa del Concurso (si es como titular o como encargado del Comercio); y <\/span><b>(v)<\/b><span style=\"font-weight: 400;\"> lean y acepten estas Bases. Los Comercios que, por cualquier causa, durante el Plazo de Vigencia cesen su relaci\u00f3n con MASTERCARD y\/o PAYWAY quedar\u00e1n autom\u00e1ticamente descalificados y perder\u00e1n la posibilidad de acceder a los premios ofrecidos en el Concurso. Asimismo, ser\u00e1n descalificados los Comercios que no completen todos los datos requeridos en el Formulario, as\u00ed como los que no los completen correctamente.<\/span><\/p>\n<p><b>3.- <\/b><span style=\"font-weight: 400;\">No podr\u00e1n participar en el Concurso: <\/span><b>(i)<\/b><span style=\"font-weight: 400;\"> Comercios que no re\u00fanan las condiciones indicadas en el punto 2. precedente ni <\/span><b>(ii)<\/b><span style=\"font-weight: 400;\"> el personal del Organizador, de los Auspiciantes, de sus agencias de publicidad, de cualquiera de las empresas intervinientes y\/o vinculadas a este Concurso, ni ninguno de los familiares de cualquiera de ellos hasta el segundo grado de consanguinidad y primero de afinidad, con excepci\u00f3n de los empleados de PAYWAY que sean ejecutivos de ventas de los Comercios del Tier 1 y Tier 2 (seg\u00fan se define abajo).\u00a0<\/span><\/p>\n<p><b>4.- <\/b><span style=\"font-weight: 400;\">A fin de obtener alguno de los premios puestos en juego en el Concurso, cada Comercio deber\u00e1 procurar incrementar en la mayor medida posible la cantidad de Transacciones realizadas a trav\u00e9s de la tecnolog\u00eda Contactless y\/o la tecnolog\u00eda NFC (Near Field Communication) durante el Plazo de Vigencia. Para los Comercios que integren el <\/span><b>Tier 1<\/b><span style=\"font-weight: 400;\">,<\/span><b> Tier 2 <\/b><span style=\"font-weight: 400;\">y <\/span><b>Tier 3<\/b><span style=\"font-weight: 400;\"> (conforme se los define en el punto 5), el incremento se medir\u00e1 comparando las Transacciones a trav\u00e9s de la tecnolog\u00eda Contactless y\/o la tecnolog\u00eda NFC (Near Field Communication) registradas durante el Plazo de Vigencia con las Transacciones a trav\u00e9s de la tecnolog\u00eda Contactless y\/o la tecnolog\u00eda NFC (Near Field Communication) registradas en el mismo per\u00edodo del a\u00f1o 2025 (i.e.,\u00a000:00 hs del 23 de febrero de 2025 hasta las 23:59 hs del 23 de abril de 2025). Para los Comercios que integren el <\/span><b>Tier 4<\/b><span style=\"font-weight: 400;\"> (conforme se lo define en el punto 5), el incremento de <\/span><span style=\"font-weight: 400;\">Transacciones <\/span><span style=\"font-weight: 400;\">a trav\u00e9s de la tecnolog\u00eda Contactless y\/o la tecnolog\u00eda NFC (Near Field Communication) <\/span><span style=\"font-weight: 400;\">se <\/span><span style=\"font-weight: 400;\">medir\u00e1 \u00fanicamente en funci\u00f3n de las Transacciones a trav\u00e9s de la tecnolog\u00eda Contactless y\/o la tecnolog\u00eda NFC (Near Field Communication) registradas<\/span><span style=\"font-weight: 400;\"> durante el Plazo de Vigencia<\/span><span style=\"font-weight: 400;\">. Cada Transacci\u00f3n realizada mediante la terminal de PAYWAY con una Tarjeta: (i) a trav\u00e9s de la tecnolog\u00eda Contactless, contar\u00e1 para el Comercio como tres (3) Transacciones y (ii) a trav\u00e9s de la tecnolog\u00eda NFC (Near Field Communication), contar\u00e1 para el Comercio como diez (10) Transacciones. Ser\u00e1n Transacciones computables a efectos del Concurso, \u00fanicamente las ventas efectivamente efectuadas por los Comercios a trav\u00e9s de la tecnolog\u00eda Contactless y\/o la tecnolog\u00eda NFC (Near Field Communication), procesadas y confirmadas por el sistema de los Auspiciantes. Se excluir\u00e1n transacciones anuladas, reversadas, impugnadas, fraudulentas o que de cualquier forma no cumplan con las condiciones establecidas en estas Bases.<\/span><\/p>\n<p><b>5.- <\/b><span style=\"font-weight: 400;\">A los efectos del Concurso, el Organizador ordenar\u00e1 a los Comercios en cuatro (4) grupos. Tres (3) de estos grupos se ordenar\u00e1n en funci\u00f3n del volumen de ventas de cada Comercio en el mismo per\u00edodo del a\u00f1o 2025 (i.e.,\u00a000:00 hs del 23 de febrero de 2025 hasta las 23:59 hs del 23 de abril de 2025), de acuerdo con el siguiente esquema (\u201cTier\/s\u201d): <\/span><b>(i)\u00a0Tier\u00a01:<\/b><span style=\"font-weight: 400;\"> Volumen alto; <\/span><b>(ii)<\/b> <b>Tier 2:<\/b><span style=\"font-weight: 400;\"> Volumen medio; y <\/span><b>(iii)<\/b> <b>Tier 3:<\/b><span style=\"font-weight: 400;\"> Volumen bajo. Adicionalmente, habr\u00e1 un <\/span><b>Tier 4:<\/b><span style=\"font-weight: 400;\"> Nuevos Comercios (i.e., Comercios sin transacciones previas al inicio del Plazo de Vigencia o con un historial inferior a 12 meses).<\/span><\/p>\n<p><b>6.-<\/b><span style=\"font-weight: 400;\"> El d\u00eda 8 de mayo de 2026 a las 13:00 horas en el domicilio sito en la calle Uruguay 775, piso 11\u00b0, Oficina \u201cB\u201d, Ciudad Aut\u00f3noma de Buenos Aires, el Organizador determinar\u00e1, ante Escribano P\u00fablico, la cantidad de Transacciones leg\u00edtimas, v\u00e1lidas y verificables efectuadas por cada Comercio durante el Plazo de Vigencia a trav\u00e9s de la tecnolog\u00eda Contactless y\/o la tecnolog\u00eda NFC (Near Field Communication), ocupando el primer puesto: (i)\u00a0de los Tier\u00a01, Tier\u00a02 y Tier\u00a03, el Comercio que mayor crecimiento en la cantidad de Transacciones a trav\u00e9s de la tecnolog\u00eda Contactless y\/o la tecnolog\u00eda NFC (Near Field Communication) hubiera obtenido, durante el Plazo de Vigencia, en relaci\u00f3n al mismo per\u00edodo del a\u00f1o 2025; y (ii)\u00a0del Tier 4, el Comercio con mayor cantidad de Transacciones a trav\u00e9s de la tecnolog\u00eda Contactless y\/o la tecnolog\u00eda NFC (Near Field Communication) durante el Plazo de Vigencia. En caso de empate, clasificar\u00e1 en primer lugar, de entre los empatados, el Comercio que hubiese realizado la mayor cantidad de Transacciones con la tecnolog\u00eda Contactless durante el Plazo de Vigencia. En caso de subsistir el empate, clasificar\u00e1 en primer lugar el que hubiese realizado la mayor cantidad de Transacciones con la tecnolog\u00eda NFC, y de subsistir el empate clasificar\u00e1 en primer lugar el Comercio que se hubiese registrado para participar en el Concurso en primer t\u00e9rmino.<\/span><\/p>\n<p><b>7.- <\/b><span style=\"font-weight: 400;\">Los Comercios que ocupen el primer lugar en el Tier 1 y en el Tier 2 (\u201cPotencial\/es Ganador\/es\u201d) podr\u00e1n ganar, cada uno, un premio compuesto por: (i) una (1) camiseta oficial del club de f\u00fatbol \u201cInter Miami C.F.\u201d \u2013 para el titular del Comercio \u2013 marca Adidas, modelo 2025, talle a elecci\u00f3n del Organizador, autografiada por el Sr. Lionel Andr\u00e9s Messi (la \u201cCamiseta\u201d); (ii) una (1) Smart TV, marca Noblex, de 43\u201d LED FHD DV43X7180<\/span><span style=\"font-weight: 400;\">, o de similar o mejor calidad en caso de no haber stock disponible al momento de su entrega, para un empleado a designar por el titular del Comercio ganador (la \u201cTV\u201d); y (iii) tres (3) termos Mate System, de 1.2 litros, marca Stanley, modelo \u201cMessi x Stanley 1913\u201d, para los empleados a designar por el titular del Comercio ganador (los \u201cTermos\u201d y en conjunto con la Camiseta y la TV, los \u201cPremio\/s\u201d)<\/span><span style=\"font-weight: 400;\">. El ejecutivo de ventas del Potencial Ganador del Tier 1 y del Tier\u00a02 podr\u00e1n ganar una Camiseta. Los Comercios que ocupen el primer lugar en el Tier 3 y en el Tier 4 (tambi\u00e9n \u201cPotencial\/es Ganador\/es\u201d) podr\u00e1n ganar, cada uno, una (1) Camiseta, una (1) TV y tres (3) Termos.\u00a0<\/span><\/p>\n<p><b>8.- <\/b><span style=\"font-weight: 400;\">Los Potenciales Ganadores de las Premios ser\u00e1n notificados de su condici\u00f3n de tales mediante un e-mail enviado por PAYWAY desde la direcci\u00f3n electr\u00f3nica <\/span><a href=\"mailto:info@novedades.payway.com.ar\"><span style=\"font-weight: 400;\">info@novedades.payway.com.ar<\/span><\/a><span style=\"font-weight: 400;\">, dirigido a la direcci\u00f3n de correo electr\u00f3nico informada al momento de completar el Formulario (la \u201cNotificaci\u00f3n\u201d), y deber\u00e1n reclamar su asignaci\u00f3n contestando dicha Notificaci\u00f3n por e-mail, dentro de las setenta y dos (72) horas de recibida. En el caso de que PAYWAY no lograra notificar a un Potencial Ganador despu\u00e9s de realizar al menos dos (2) intentos, dicho Potencial Ganador perder\u00e1 autom\u00e1ticamente el derecho a que el Premio le sea asignado y PAYWAY podr\u00e1 contactar al Comercio posicionado en el segundo lugar del Tier correspondiente, y as\u00ed sucesivamente hasta encontrar un Potencial Ganador en condiciones de recibir el Premio.<\/span><\/p>\n<p><b>9.- <\/b><span style=\"font-weight: 400;\">No otorgar\u00e1 derecho a Premios: <\/span><b>(i) <\/b><span style=\"font-weight: 400;\">la Notificaci\u00f3n que no conste en los registros del Organizador y\/o de los Auspiciantes; <\/span><b>(ii) <\/b><span style=\"font-weight: 400;\">la Notificaci\u00f3n en la que se mencionen premios distintos de los indicados en estas Bases; <\/span><b>(iii) <\/b><span style=\"font-weight: 400;\">la Notificaci\u00f3n que haya sido obtenida ilegalmente o de cualquier otro modo diferente al establecido en estas Bases. Cualquier Notificaci\u00f3n sobre la cual se alegue su p\u00e9rdida, hurto o robo o que haya sido obtenida ilegalmente ser\u00e1 nula.\u00a0<\/span><\/p>\n<p><b>10.- <\/b><span style=\"font-weight: 400;\">Har\u00e1 perder, autom\u00e1ticamente, a los Potenciales Ganadores, el derecho a la asignaci\u00f3n de los Premios, sin derecho a reclamo alguno: <\/span><b>(i) <\/b><span style=\"font-weight: 400;\">la falta de reclamo de la asignaci\u00f3n de los Premios en la forma y dentro del plazo establecido en el punto 8. de estas Bases; <\/span><b>(ii)<\/b><span style=\"font-weight: 400;\"> la negativa de los Potenciales Ganadores a presentarse a las sesiones de fotograf\u00eda o filmaci\u00f3n que eventualmente les requieran el Organizador y\/o los Auspiciantes; <\/span><b>(iii)<\/b><span style=\"font-weight: 400;\"> la negativa a otorgar la autorizaci\u00f3n de uso de su imagen indicada en el punto 15.; <\/span><b>(iv)<\/b><span style=\"font-weight: 400;\"> el incumplimiento de cualquier otro requisito establecido en esta Bases para la participaci\u00f3n en el Concurso y\/o para la asignaci\u00f3n de los Premios. Los Premios no asignados a ganador alguno, si los hubiere, quedar\u00e1n en propiedad de MASTERCARD.\u00a0<\/span><\/p>\n<p><b>11.- <\/b><span style=\"font-weight: 400;\">Los Premios ser\u00e1n enviados por correo postal al domicilio indicado en el Formulario al momento de registrarse para participar en el Concurso, dentro de los treinta (30) d\u00edas corridos de la asignaci\u00f3n de cada uno de ellos.\u00a0<\/span><\/p>\n<p><b>12.- <\/b><span style=\"font-weight: 400;\">Los Premios son personales e intransferibles y no incluyen ninguna otra prestaci\u00f3n, bien o servicio no enumerado en las presentes Bases y no podr\u00e1n ser canjeados, negociados o reembolsados por dinero u otros bienes o servicios. Todo concepto no comprendido en los Premios estar\u00e1 a cargo y cuenta de los ganadores. Estar\u00e1n a cargo exclusivo de los ganadores <\/span><b>(i)<\/b><span style=\"font-weight: 400;\"> todos los costos necesarios para reclamar la asignaci\u00f3n de los Premios; <\/span><b>(ii)<\/b><span style=\"font-weight: 400;\"> todo impuesto, tasa, contribuci\u00f3n o tributo que deba actualmente abonarse o se imponga en el futuro sobre los Premios; con excepci\u00f3n de cualquier impuesto, tasa, contribuci\u00f3n o tributo que pudiera aplicarse al presente Concurso y que estuviera legalmente a cargo del Organizador, que en cuyo caso estar\u00e1 a cargo de este \u00faltimo. Asimismo, el Organizador mantendr\u00e1 indemne a MASTERCARD y a PAYWAY respecto de cualquier reclamo por impuestos, tasas, contribuciones o tributos, junto con sus accesorios y eventuales multas, que pudieran aplicarse sobre los Premios y\/o el Concurso en su totalidad; y <\/span><b>(iii)<\/b><span style=\"font-weight: 400;\"> todo gasto de traslado u otros gastos en los que se tengan que incurrir como consecuencia de la obtenci\u00f3n y puesta a disposici\u00f3n de los Premios.\u00a0<\/span><\/p>\n<p><b>13.-<\/b><span style=\"font-weight: 400;\"> Ni el Organizador ni los Auspiciantes ser\u00e1n responsables por ning\u00fan da\u00f1o personal, material o p\u00e9rdida directa, indirecta y\/o consecuente ocasionado a los Comercios, Potenciales Ganadores, ganadores y\/o a terceras personas, con motivo o en ocasi\u00f3n de su participaci\u00f3n en el Concurso y\/o retiro y\/o utilizaci\u00f3n de los Premios, una vez que \u00e9stos hayan sido entregados a los ganadores.\u00a0\u00a0<\/span><\/p>\n<p><b>14.-<\/b><span style=\"font-weight: 400;\"> Los Comercios garantizan que no existen terceros que tengan derechos de exclusividad sobre la exhibici\u00f3n, publicaci\u00f3n, difusi\u00f3n y\/o reproducci\u00f3n de sus marcas, im\u00e1genes, nombres, voces y\/o datos personales. En caso contrario, se comprometen a mantener indemne al Organizador y Auspiciantes y\/o a sus agencias de publicidad respecto de cualquier reclamo que por este motivo pudieran formular terceras personas.\u00a0\u00a0<\/span><\/p>\n<p><b>15.- <\/b><span style=\"font-weight: 400;\">Los Comercios autorizan de manera expresa, gratuita, irrevocable, indefinida y sin limitaci\u00f3n territorial al Organizador y los Auspiciantes a captar, reproducir, difundir, publicar y\/o utilizar sus im\u00e1genes y voces en cualquier medio y formato, presente o futuro, incluyendo pero no limitado a medios gr\u00e1ficos, audiovisuales, digitales y redes sociales, con fines publicitarios, promocionales y\/o institucionales, as\u00ed como para la difusi\u00f3n de su condici\u00f3n de ganador, sin que ello genere derecho a compensaci\u00f3n, contraprestaci\u00f3n o pago alguno.<\/span><\/p>\n<p><span style=\"font-weight: 400;\">Los datos solicitados corresponden a informaci\u00f3n b\u00e1sica de los Comercios, conforme lo dispuesto en el Art. 5 inciso c) de la Ley 25.326. Al facilitar sus datos, los Comercios y, en su caso, los ganadores, prestan su consentimiento expreso, libre, informado para que el Organizador utilice dichos datos a los fines de gestionar el Concurso, as\u00ed como para acciones publicitarias, promocionales y de marketing vinculadas a la misma. Asimismo, autorizan que dichos datos puedan ser cedidos a los Auspiciantes para los mismos fines antes indicados.<\/span><\/p>\n<p><span style=\"font-weight: 400;\">El Comercio, en su car\u00e1cter de titular de los datos, podr\u00e1 ejercer sus derechos de acceso, rectificaci\u00f3n y supresi\u00f3n, enviando su solicitud a <\/span><a href=\"mailto:contacto@payway.com.ar\"><span style=\"font-weight: 400;\">contacto@payway.com.ar<\/span><\/a><span style=\"font-weight: 400;\">.\u00a0<\/span><\/p>\n<p><span style=\"font-weight: 400;\">La Agencia de Acceso a la Informaci\u00f3n P\u00fablica, con domicilio en Av. Pte. Gral. Julio A. Roca 710, piso 3\u00b0, Ciudad Aut\u00f3noma de Buenos Aires, es el \u00d3rgano de Control de la Ley N\u00ba 25.326 y tiene la atribuci\u00f3n de atender las denuncias y reclamos relacionados con el tratamiento de datos personales.<\/span><\/p>\n<p><b>16.- <\/b><span style=\"font-weight: 400;\">Ning\u00fan participante podr\u00e1 ganar m\u00e1s de un (1) Premio.<\/span> <span style=\"font-weight: 400;\">Si bien no es posible estimar con alguna certeza la probabilidad de ganar Premios, ya que ello depender\u00e1 de la habilidad de cada Comercio y eventualmente de los ejecutivos de venta para conseguir las Transacciones a trav\u00e9s de la tecnolog\u00eda Contactless y\/o la tecnolog\u00eda NFC (Near Field Communication) que les permitan clasificar en el primer puesto de los Tiers, en la hip\u00f3tesis de que participaran un total de 50 Comercios por Tier, puede estimarse que la probabilidad de cada Comercio y, en su caso, ejecutivo de ventas de hacerse acreedor a uno de los Premios puestos en juego en el Concurso ser\u00e1 de 1 en 50.<\/span><\/p>\n<p><b>17.<\/b><span style=\"font-weight: 400;\">&#8211; Est\u00e1 prohibido y ser\u00e1 anulado cualquier intento o m\u00e9todo de participaci\u00f3n en el Concurso que se realice por cualquier proceso, t\u00e9cnica o mec\u00e1nica de participaci\u00f3n distinta a la detallada en estas Bases. La utilizaci\u00f3n de t\u00e9cnicas de participaci\u00f3n inapropiadas o no autorizadas en estas Bases llevar\u00e1 a la anulaci\u00f3n de la participaci\u00f3n de que se trate.<\/span><\/p>\n<p><b>18.- <\/b><span style=\"font-weight: 400;\">El Organizador y los Auspiciantes podr\u00e1n ampliar la cantidad de premios ofrecidos y se reservan el derecho de establecer y pronunciarse sobre aquellas situaciones o circunstancias que no est\u00e9n expresamente previstas en estas Bases, reserv\u00e1ndose asimismo el derecho a cancelar, suspender o modificar las condiciones del Concurso por circunstancias no previstas ajenas a su voluntad sin derecho a reclamo o compensaci\u00f3n alguna. Cualquiera de las situaciones mencionadas ser\u00e1 ajustada a la legislaci\u00f3n vigente en la materia debidamente comunicada a los Comercios. Asimismo, el Organizador y MASTERCARD\u00ae podr\u00e1n, a su exclusivo criterio, modificar estas Bases en cualquier momento. En caso de modificaci\u00f3n de estas Bases, PAYWAY notificar\u00e1 las modificaciones a los Comercios mediante correo dirigido a la direcci\u00f3n de correo electr\u00f3nico informada al momento de completar el Formulario.<\/span><\/p>\n<p><b>19.- <\/b><span style=\"font-weight: 400;\">El presente Concurso, como as\u00ed tambi\u00e9n cualquier controversia que pudiese surgir en relaci\u00f3n con estas Bases, ser\u00e1 sometida a la aplicaci\u00f3n del derecho argentino y a la jurisdicci\u00f3n de los Tribunales Ordinarios de la Ciudad Aut\u00f3noma de Buenos Aires.<\/span><\/p>\n<p><b>20.- <\/b><span style=\"font-weight: 400;\">La participaci\u00f3n en el Concurso implica la aceptaci\u00f3n de estas Bases, as\u00ed como de las decisiones que, conforme a derecho, adopten el Organizador y\/o los Auspiciantes sobre cualquier cuesti\u00f3n no prevista en ellas.<\/span><\/p>\n<p><b>21.- <\/b><span style=\"font-weight: 400;\">Estas Bases podr\u00e1n ser consultadas en www.concursocorredores.com.ar\/Payway. El Concurso ser\u00e1 difundido mediante publicidad digital.<\/span>[\/vc_column_text][\/vc_column][\/vc_row]\n","protected":false},"excerpt":{"rendered":"<p>[vc_row type=\u00bbin_container\u00bb full_screen_row_position=\u00bbmiddle\u00bb column_margin=\u00bbdefault\u00bb column_direction=\u00bbdefault\u00bb column_direction_tablet=\u00bbdefault\u00bb column_direction_phone=\u00bbdefault\u00bb scene_position=\u00bbcenter\u00bb top_padding=\u00bb4%\u00bb bottom_padding=\u00bb8%\u00bb text_color=\u00bbdark\u00bb text_align=\u00bbleft\u00bb row_border_radius=\u00bbnone\u00bb row_border_radius_applies=\u00bbbg\u00bb overflow=\u00bbvisible\u00bb overlay_strength=\u00bb0.3&#8243; gradient_direction=\u00bbleft_to_right\u00bb shape_divider_position=\u00bbbottom\u00bb bg_image_animation=\u00bbnone\u00bb gradient_type=\u00bbdefault\u00bb shape_type=\u00bb\u00bb][vc_column column_padding=\u00bbno-extra-padding\u00bb column_padding_tablet=\u00bbinherit\u00bb column_padding_phone=\u00bbinherit\u00bb column_padding_position=\u00bball\u00bb column_element_direction_desktop=\u00bbdefault\u00bb column_element_spacing=\u00bbdefault\u00bb desktop_text_alignment=\u00bbdefault\u00bb tablet_text_alignment=\u00bbdefault\u00bb phone_text_alignment=\u00bbdefault\u00bb&#8230;<\/p>\n","protected":false},"author":2,"featured_media":0,"parent":0,"menu_order":0,"comment_status":"closed","ping_status":"closed","template":"","meta":{"footnotes":""},"class_list":["post-285","page","type-page","status-publish"],"_links":{"self":[{"href":"https:\/\/concursocorredores.com.ar\/payway\/wp-json\/wp\/v2\/pages\/285","targetHints":{"allow":["GET"]}}],"collection":[{"href":"https:\/\/concursocorredores.com.ar\/payway\/wp-json\/wp\/v2\/pages"}],"about":[{"href":"https:\/\/concursocorredores.com.ar\/payway\/wp-json\/wp\/v2\/types\/page"}],"author":[{"embeddable":true,"href":"https:\/\/concursocorredores.com.ar\/payway\/wp-json\/wp\/v2\/users\/2"}],"replies":[{"embeddable":true,"href":"https:\/\/concursocorredores.com.ar\/payway\/wp-json\/wp\/v2\/comments?post=285"}],"version-history":[{"count":5,"href":"https:\/\/concursocorredores.com.ar\/payway\/wp-json\/wp\/v2\/pages\/285\/revisions"}],"predecessor-version":[{"id":292,"href":"https:\/\/concursocorredores.com.ar\/payway\/wp-json\/wp\/v2\/pages\/285\/revisions\/292"}],"wp:attachment":[{"href":"https:\/\/concursocorredores.com.ar\/payway\/wp-json\/wp\/v2\/media?parent=285"}],"curies":[{"name":"wp","href":"https:\/\/api.w.org\/{rel}","templated":true}]}}